{"id":32,"date":"2025-01-20T11:30:12","date_gmt":"2025-01-20T11:30:12","guid":{"rendered":"https:\/\/naturfreunde-kufstein.com\/?page_id=32"},"modified":"2025-01-20T11:33:48","modified_gmt":"2025-01-20T11:33:48","slug":"ueber-uns","status":"publish","type":"page","link":"https:\/\/naturfreunde-kufstein.com\/index.php\/ueber-uns\/","title":{"rendered":"Ortsgruppe Kufstein"},"content":{"rendered":"\n<h3 class=\"wp-block-heading has-vivid-green-cyan-color has-text-color has-link-color wp-elements-55c0a5933fd398eb40db1ff0965f66ac\">\u00dcber uns<\/h3>\n\n\n\n<p><strong>Seit 1911 aktiv \u2013 f\u00fcr Umwelt und Freizeit<\/strong><\/p>\n\n\n\n<p>Wir sind ein engagierter Verein mit einem breiten Angebot an Freizeit- und Umweltaktivit\u00e4ten. Seit unserer Gr\u00fcndung im Jahr 1911 setzen wir uns aktiv f\u00fcr die Natur und eine lebenswerte Zukunft ein.<\/p>\n\n\n\n<hr class=\"wp-block-separator has-alpha-channel-opacity\"\/>\n\n\n\n<h3 class=\"wp-block-heading has-vivid-green-cyan-color has-text-color has-link-color wp-elements-c8dc165cb290fe22acb062953c36eb31\">Neuigkeiten<\/h3>\n\n\n\n<p><strong>Neugr\u00fcndung der Jugendgruppe \u2013 J\u00e4nner 2024<\/strong><\/p>\n\n\n\n<p>Im Januar 2024 haben wir eine Jugendgruppe ins Leben gerufen. Der Beitritt ist ab einem Alter von 6 Jahren m\u00f6glich \u2013 wir freuen uns auf viele junge Mitglieder!<\/p>\n\n\n\n<hr class=\"wp-block-separator has-alpha-channel-opacity\"\/>\n\n\n\n<h3 class=\"wp-block-heading has-vivid-green-cyan-color has-text-color has-link-color wp-elements-d19c85850a8aa16b096948364e6fccae\">Unsere Umweltschutz-Initiativen<\/h3>\n\n\n\n<p><strong>Schutz unserer Gew\u00e4sser<\/strong><\/p>\n\n\n\n<p>Seit vielen Jahren engagieren wir uns f\u00fcr die Reinhaltung von B\u00e4chen und Fl\u00fcssen. F\u00fcr unseren Einsatz im Bereich Gew\u00e4sserschutz wurden wir 2004 mit dem Umweltpreis \u201eBlaue Fl\u00fcsse f\u00fcr Europa\u201c ausgezeichnet.<\/p>\n\n\n\n<hr class=\"wp-block-separator has-alpha-channel-opacity\"\/>\n\n\n\n<h3 class=\"wp-block-heading has-vivid-green-cyan-color has-text-color has-link-color wp-elements-96cdd3ce821ddfd556023423a727879c\">Unsere Outdoor-Aktivit\u00e4ten<\/h3>\n\n\n\n<p><strong>In der Natur unterwegs<\/strong><\/p>\n\n\n\n<p>Unsere Mitglieder sind in vielen Gruppen aktiv und genie\u00dfen die Freiheit der Natur. Zu unseren Aktivit\u00e4ten z\u00e4hlen unter anderem:<\/p>\n\n\n\n<p>*Wandern<\/p>\n\n\n\n<p>*Ausfl\u00fcgen<\/p>\n\n\n\n<p>*Klettern (Indoor und Outdoor)<\/p>\n\n\n\n<hr class=\"wp-block-separator has-alpha-channel-opacity\"\/>\n\n\n\n<h3 class=\"wp-block-heading has-vivid-green-cyan-color has-text-color has-link-color wp-elements-b4aa5ea98ff6078f61d47191a2279120\">Unser Vereinsheim auf der Festung Kufstein<\/h3>\n\n\n\n<p><strong>Besuchen Sie uns!<\/strong><\/p>\n\n\n\n<p>Unser Vereinsheim ist jeden ersten Freitag im Monat ab 10:00 Uhr ge\u00f6ffnet. Wir freuen uns auf Ihren Besuch!<\/p>\n\n\n\n<p><strong>Kontakt:<\/strong><br>Email:&nbsp;<a>kufstein@naturfreunde.at<\/a><\/p>\n\n\n\n<p><\/p>\n","protected":false},"excerpt":{"rendered":"<p>\u00dcber uns Seit 1911 aktiv \u2013 f\u00fcr Umwelt und Freizeit Wir sind ein engagierter Verein mit einem breiten Angebot an Freizeit- und Umweltaktivit\u00e4ten. Seit unserer Gr\u00fcndung im Jahr 1911 setzen&hellip;<\/p>\n","protected":false},"author":2,"featured_media":0,"parent":0,"menu_order":0,"comment_status":"closed","ping_status":"closed","template":"","meta":{"footnotes":""},"class_list":["post-32","page","type-page","status-publish","hentry"],"_links":{"self":[{"href":"https:\/\/naturfreunde-kufstein.com\/index.php\/wp-json\/wp\/v2\/pages\/32","targetHints":{"allow":["GET"]}}],"collection":[{"href":"https:\/\/naturfreunde-kufstein.com\/index.php\/wp-json\/wp\/v2\/pages"}],"about":[{"href":"https:\/\/naturfreunde-kufstein.com\/index.php\/wp-json\/wp\/v2\/types\/page"}],"author":[{"embeddable":true,"href":"https:\/\/naturfreunde-kufstein.com\/index.php\/wp-json\/wp\/v2\/users\/2"}],"replies":[{"embeddable":true,"href":"https:\/\/naturfreunde-kufstein.com\/index.php\/wp-json\/wp\/v2\/comments?post=32"}],"version-history":[{"count":3,"href":"https:\/\/naturfreunde-kufstein.com\/index.php\/wp-json\/wp\/v2\/pages\/32\/revisions"}],"predecessor-version":[{"id":37,"href":"https:\/\/naturfreunde-kufstein.com\/index.php\/wp-json\/wp\/v2\/pages\/32\/revisions\/37"}],"wp:attachment":[{"href":"https:\/\/naturfreunde-kufstein.com\/index.php\/wp-json\/wp\/v2\/media?parent=32"}],"curies":[{"name":"wp","href":"https:\/\/api.w.org\/{rel}","templated":true}]}}