{"id":40,"date":"2025-01-20T11:53:20","date_gmt":"2025-01-20T11:53:20","guid":{"rendered":"https:\/\/naturfreunde-kufstein.com\/?page_id=40"},"modified":"2025-01-20T11:53:20","modified_gmt":"2025-01-20T11:53:20","slug":"das-team","status":"publish","type":"page","link":"https:\/\/naturfreunde-kufstein.com\/index.php\/das-team\/","title":{"rendered":"Das Team"},"content":{"rendered":"\n<p><strong>Rosemarie Ott<\/strong><br><strong>Funktion:<\/strong> Vorsitzende<br><strong>E-Mail-Adresse:<\/strong> <a href=\"info@naturfreunde-kufstein.com\" data-type=\"link\" data-id=\"info@naturfreunde-kufstein.com\">info@naturfreunde-kufstein.com<\/a><\/p>\n\n\n\n<p><strong>J\u00fcrgen Hofer<\/strong><br><strong>Funktion:<\/strong> Vorsitzender Stellvertreter<br><strong>E-Mail-Adresse:<\/strong> <a href=\"juergen.hofer@naturfreunde-kufstein.com\" data-type=\"link\" data-id=\"juergen.hofer@naturfreunde-kufstein.com\">juergen.hofer@naturfreunde-kufstein.com<\/a><\/p>\n\n\n\n<p><strong>Elfi Todeschini<\/strong><br><strong>Funktion:<\/strong> Schriftf\u00fchrerin &amp; Rechnungspr\u00fcferin<\/p>\n\n\n\n<p><strong>Christian Nagy<\/strong><br><strong>Funktion:<\/strong> Finanzreferent<\/p>\n\n\n\n<p><strong>Ernst Stradner<\/strong><br><strong>Funktion:<\/strong> Finanzreferent Stellvertreter<\/p>\n\n\n\n<p><strong>Hans Schwaiger<\/strong><br><strong>Funktion:<\/strong> Rechnungspr\u00fcfer<\/p>\n\n\n\n<p><strong>Fachreferate:<\/strong><\/p>\n\n\n\n<p><strong>Thomas Wurzenreiner<\/strong><br><strong>Funktion:<\/strong> \u00d6ffentlichkeitsarbeit<\/p>\n\n\n\n<p><strong>J\u00fcrgen Hofer<\/strong><br><strong>Funktion:<\/strong> Jugendleiter<br><strong>E-Mail-Adresse:<\/strong> <a href=\"juergen.hofer@naturfreunde-kufstein.com\" data-type=\"link\" data-id=\"juergen.hofer@naturfreunde-kufstein.com\">juergen.hofer@naturfreunde-kufstein.com<\/a><\/p>\n\n\n\n<p><\/p>\n\n\n\n<p><\/p>\n","protected":false},"excerpt":{"rendered":"<p>Rosemarie OttFunktion: VorsitzendeE-Mail-Adresse: info@naturfreunde-kufstein.com J\u00fcrgen HoferFunktion: Vorsitzender StellvertreterE-Mail-Adresse: juergen.hofer@naturfreunde-kufstein.com Elfi TodeschiniFunktion: Schriftf\u00fchrerin &amp; Rechnungspr\u00fcferin Christian NagyFunktion: Finanzreferent Ernst StradnerFunktion: Finanzreferent Stellvertreter Hans SchwaigerFunktion: Rechnungspr\u00fcfer Fachreferate: Thomas WurzenreinerFunktion: \u00d6ffentlichkeitsarbeit J\u00fcrgen HoferFunktion:&hellip;<\/p>\n","protected":false},"author":2,"featured_media":0,"parent":0,"menu_order":0,"comment_status":"closed","ping_status":"closed","template":"","meta":{"footnotes":""},"class_list":["post-40","page","type-page","status-publish","hentry"],"_links":{"self":[{"href":"https:\/\/naturfreunde-kufstein.com\/index.php\/wp-json\/wp\/v2\/pages\/40","targetHints":{"allow":["GET"]}}],"collection":[{"href":"https:\/\/naturfreunde-kufstein.com\/index.php\/wp-json\/wp\/v2\/pages"}],"about":[{"href":"https:\/\/naturfreunde-kufstein.com\/index.php\/wp-json\/wp\/v2\/types\/page"}],"author":[{"embeddable":true,"href":"https:\/\/naturfreunde-kufstein.com\/index.php\/wp-json\/wp\/v2\/users\/2"}],"replies":[{"embeddable":true,"href":"https:\/\/naturfreunde-kufstein.com\/index.php\/wp-json\/wp\/v2\/comments?post=40"}],"version-history":[{"count":1,"href":"https:\/\/naturfreunde-kufstein.com\/index.php\/wp-json\/wp\/v2\/pages\/40\/revisions"}],"predecessor-version":[{"id":41,"href":"https:\/\/naturfreunde-kufstein.com\/index.php\/wp-json\/wp\/v2\/pages\/40\/revisions\/41"}],"wp:attachment":[{"href":"https:\/\/naturfreunde-kufstein.com\/index.php\/wp-json\/wp\/v2\/media?parent=40"}],"curies":[{"name":"wp","href":"https:\/\/api.w.org\/{rel}","templated":true}]}}