{"id":56,"date":"2025-03-27T15:01:04","date_gmt":"2025-03-27T15:01:04","guid":{"rendered":"https:\/\/naturfreunde-kufstein.com\/?page_id=56"},"modified":"2025-03-27T15:04:27","modified_gmt":"2025-03-27T15:04:27","slug":"jugendgruppe-2","status":"publish","type":"page","link":"https:\/\/naturfreunde-kufstein.com\/index.php\/jugendgruppe-2\/","title":{"rendered":"Jugendgruppe"},"content":{"rendered":"\n<p class=\"has-text-align-center\"><strong>Herzlich willkommen bei den Naturfreunden Kufstein \u2013<\/strong><\/p>\n\n\n\n<p class=\"has-text-align-center\"><strong>deiner Anlaufstelle f\u00fcr unvergessliche Outdoor-Erlebnisse!<\/strong><\/p>\n\n\n\n<p class=\"has-text-align-center\"><strong>Unsere Jugendgruppe l\u00e4dt dich ein, die Natur in und um Kufstein auf<\/strong><\/p>\n\n\n\n<p class=\"has-text-align-center\"><strong>eine ganz besondere Art zu entdecken.<\/strong><\/p>\n\n\n\n<p class=\"has-text-align-center\"><strong>Hier findest du alles rund ums Klettern, spannende Spiele,<\/strong><\/p>\n\n\n\n<p class=\"has-text-align-center\"><strong>inspirierende Wandertouren und nat\u00fcrlich praxisnahe Knotenkunde.<\/strong><\/p>\n\n\n\n<h3 class=\"wp-block-heading\">Klettern<\/h3>\n\n\n\n<p>Erobere die Gipfel der Region mit unserer lebendigen Klettergemeinschaft! Ob du bereits ein erfahrener Kletterer bist oder deine ersten Schritte in vertikaler H\u00f6he wagst \u2013 gemeinsam meistern wir Herausforderungen, st\u00e4rken das Vertrauen in uns selbst und erleben die Freiheit des Kletterns.<\/p>\n\n\n\n<h3 class=\"wp-block-heading\">Spiele<\/h3>\n\n\n\n<p>Spiele sind das Herzst\u00fcck unserer Jugendgruppe. In der Natur entfalten sich Spiele in ihrer besten Form. Von traditionellen Klassikern bis zu kreativen Neuentwicklungen \u2013 lass uns gemeinsam den Spa\u00df im Freien erleben. Spiele f\u00f6rdern Teamgeist, Kreativit\u00e4t und schaffen unvergessliche Momente.<\/p>\n\n\n\n<h3 class=\"wp-block-heading\">Wandern<\/h3>\n\n\n\n<p>Schl\u00fcpfe in deine Wanderschuhe und begib dich mit uns auf Entdeckungstour durch die malerische Umgebung von Kufstein. Unsere Wandertouren f\u00fchren dich zu versteckten Orten, atemberaubenden Aussichtspunkten und bieten die M\u00f6glichkeit, die Natur in ihrer ganzen Vielfalt zu genie\u00dfen. Freue dich auf gesellige Stunden in der Gemeinschaft!<\/p>\n\n\n\n<h3 class=\"wp-block-heading\">Knotenkunde<\/h3>\n\n\n\n<p>Die richtigen Knoten zu beherrschen ist eine grundlegende Fertigkeit f\u00fcr alle Outdoor-Aktivit\u00e4ten. In unseren Knotenkunde-Workshops lernst du nicht nur die wichtigsten Knoten kennen, sondern auch, wie du sie sicher und effektiv einsetzt. Vom sicheren Zelten bis zum Klettern \u2013 mit diesem Wissen bist du bestens ger\u00fcstet.<\/p>\n\n\n\n<p>Trete unserer Jugendgruppe bei und erlebe, wie gemeinsame Abenteuer und die Sch\u00f6nheit der Natur uns verbinden. Die Naturfreunde Kufstein freuen sich darauf, mit dir die Faszination der Natur zu teilen und bleibende Erinnerungen zu schaffen. Sei dabei und gestalte mit uns die Zukunft voller spannender Outdoor-Erlebnisse!<\/p>\n\n\n\n<h3 class=\"wp-block-heading\">\ud83c\udf1fJetzt auch auf Facebook\ud83c\udf1f<\/h3>\n\n\n\n<p>Wir freuen uns, euch mitteilen zu k\u00f6nnen, dass ihr uns ab sofort auch auf Facebook finden k\u00f6nnt. Erlebt gemeinsam mit uns spannende Naturabenteuer, Umweltaktionen und teilt eure Leidenschaft f\u00fcr die Natur.<\/p>\n\n\n\n<p>\ud83d\udc4d&nbsp;Besucht uns auf Facebook:&nbsp;[<a href=\"https:\/\/www.facebook.com\/jgpnaturfreundekufstein\/\" target=\"_blank\" rel=\"noreferrer noopener\">Jugendgruppe, Naturfreunde Kufstein<\/a>]<\/p>\n","protected":false},"excerpt":{"rendered":"<p>Herzlich willkommen bei den Naturfreunden Kufstein \u2013 deiner Anlaufstelle f\u00fcr unvergessliche Outdoor-Erlebnisse! Unsere Jugendgruppe l\u00e4dt dich ein, die Natur in und um Kufstein auf eine ganz besondere Art zu entdecken.&hellip;<\/p>\n","protected":false},"author":2,"featured_media":0,"parent":0,"menu_order":0,"comment_status":"closed","ping_status":"closed","template":"","meta":{"footnotes":""},"class_list":["post-56","page","type-page","status-publish","hentry"],"_links":{"self":[{"href":"https:\/\/naturfreunde-kufstein.com\/index.php\/wp-json\/wp\/v2\/pages\/56","targetHints":{"allow":["GET"]}}],"collection":[{"href":"https:\/\/naturfreunde-kufstein.com\/index.php\/wp-json\/wp\/v2\/pages"}],"about":[{"href":"https:\/\/naturfreunde-kufstein.com\/index.php\/wp-json\/wp\/v2\/types\/page"}],"author":[{"embeddable":true,"href":"https:\/\/naturfreunde-kufstein.com\/index.php\/wp-json\/wp\/v2\/users\/2"}],"replies":[{"embeddable":true,"href":"https:\/\/naturfreunde-kufstein.com\/index.php\/wp-json\/wp\/v2\/comments?post=56"}],"version-history":[{"count":3,"href":"https:\/\/naturfreunde-kufstein.com\/index.php\/wp-json\/wp\/v2\/pages\/56\/revisions"}],"predecessor-version":[{"id":70,"href":"https:\/\/naturfreunde-kufstein.com\/index.php\/wp-json\/wp\/v2\/pages\/56\/revisions\/70"}],"wp:attachment":[{"href":"https:\/\/naturfreunde-kufstein.com\/index.php\/wp-json\/wp\/v2\/media?parent=56"}],"curies":[{"name":"wp","href":"https:\/\/api.w.org\/{rel}","templated":true}]}}