{"id":7,"date":"2025-01-20T09:49:00","date_gmt":"2025-01-20T09:49:00","guid":{"rendered":"https:\/\/naturfreunde-kufstein.com\/index.php\/home\/"},"modified":"2025-04-09T08:28:22","modified_gmt":"2025-04-09T08:28:22","slug":"home","status":"publish","type":"page","link":"https:\/\/naturfreunde-kufstein.com\/","title":{"rendered":"Startseite"},"content":{"rendered":"\n<figure class=\"wp-block-image size-full\"><img loading=\"lazy\" decoding=\"async\" width=\"1000\" height=\"380\" src=\"http:\/\/naturfreunde-kufstein.com\/wp-content\/uploads\/2025\/03\/cropped-cropped-485378502_122201322338144689_431144167847037166_n.jpg\" alt=\"\" class=\"wp-image-77\" srcset=\"https:\/\/naturfreunde-kufstein.com\/wp-content\/uploads\/2025\/03\/cropped-cropped-485378502_122201322338144689_431144167847037166_n.jpg 1000w, https:\/\/naturfreunde-kufstein.com\/wp-content\/uploads\/2025\/03\/cropped-cropped-485378502_122201322338144689_431144167847037166_n-300x114.jpg 300w, https:\/\/naturfreunde-kufstein.com\/wp-content\/uploads\/2025\/03\/cropped-cropped-485378502_122201322338144689_431144167847037166_n-768x292.jpg 768w\" sizes=\"auto, (max-width: 1000px) 100vw, 1000px\" \/><\/figure>\n\n\n\n<h2 class=\"wp-block-heading\">Ortsgruppe Kufstein<\/h2>\n\n\n\n<p><strong>Willkommen bei uns!<\/strong><\/p>\n\n\n\n<p>Unser Verein bietet ein breites Spektrum an Freizeit- und Umweltaktivit\u00e4ten. Gemeinsam k\u00f6nnen wir wandern, Skitouren unternehmen, spannende Ausfl\u00fcge erleben oder klettern gehen<\/p>\n\n\n\n<p><strong>\u00d6ffnungszeiten unseres Vereinsheims auf der Festung:<\/strong><br>An jedem ersten Freitag im Monat, ab 10:00 Uhr.<\/p>\n\n\n\n<p>Wir freuen uns auf deinen Besuch!<\/p>\n\n\n\n<p><\/p>\n","protected":false},"excerpt":{"rendered":"<p>Ortsgruppe Kufstein Willkommen bei uns! Unser Verein bietet ein breites Spektrum an Freizeit- und Umweltaktivit\u00e4ten. Gemeinsam k\u00f6nnen wir wandern, Skitouren unternehmen, spannende Ausfl\u00fcge erleben oder klettern gehen \u00d6ffnungszeiten unseres Vereinsheims&hellip;<\/p>\n","protected":false},"author":1,"featured_media":0,"parent":0,"menu_order":0,"comment_status":"closed","ping_status":"closed","template":"page-template\/home-template.php","meta":{"footnotes":""},"class_list":["post-7","page","type-page","status-publish","hentry"],"_links":{"self":[{"href":"https:\/\/naturfreunde-kufstein.com\/index.php\/wp-json\/wp\/v2\/pages\/7","targetHints":{"allow":["GET"]}}],"collection":[{"href":"https:\/\/naturfreunde-kufstein.com\/index.php\/wp-json\/wp\/v2\/pages"}],"about":[{"href":"https:\/\/naturfreunde-kufstein.com\/index.php\/wp-json\/wp\/v2\/types\/page"}],"author":[{"embeddable":true,"href":"https:\/\/naturfreunde-kufstein.com\/index.php\/wp-json\/wp\/v2\/users\/1"}],"replies":[{"embeddable":true,"href":"https:\/\/naturfreunde-kufstein.com\/index.php\/wp-json\/wp\/v2\/comments?post=7"}],"version-history":[{"count":2,"href":"https:\/\/naturfreunde-kufstein.com\/index.php\/wp-json\/wp\/v2\/pages\/7\/revisions"}],"predecessor-version":[{"id":80,"href":"https:\/\/naturfreunde-kufstein.com\/index.php\/wp-json\/wp\/v2\/pages\/7\/revisions\/80"}],"wp:attachment":[{"href":"https:\/\/naturfreunde-kufstein.com\/index.php\/wp-json\/wp\/v2\/media?parent=7"}],"curies":[{"name":"wp","href":"https:\/\/api.w.org\/{rel}","templated":true}]}}